{"id":4200,"date":"2018-06-12T14:45:19","date_gmt":"2018-06-12T19:45:19","guid":{"rendered":"http:\/\/ktk.ca\/about-karate-for-family\/"},"modified":"2018-08-16T10:21:14","modified_gmt":"2018-08-16T15:21:14","slug":"a-propos-du-karate-pour-famille","status":"publish","type":"page","link":"https:\/\/ktk.ca\/fr\/a-propos-du-karate-pour-famille\/","title":{"rendered":"\u00c0 propos du Karat\u00e9 pour famille"},"content":{"rendered":"<div class=\"wpb-content-wrapper\"><p>[vc_row type=\u00a0\u00bbvc_default\u00a0\u00bb full_width=\u00a0\u00bbstretch_row_content_no_spaces\u00a0\u00bb gap=\u00a0\u00bb1&Prime; equal_height=\u00a0\u00bbyes\u00a0\u00bb css=\u00a0\u00bb.vc_custom_1531504604763{margin-top: -70px !important;margin-bottom: 70px !important;}\u00a0\u00bb][vc_column width=\u00a0\u00bb1\/3&Prime;]<style type=\"text\/css\" data-type=\"the7_shortcodes-inline-css\">.shortcode-single-image-wrap.shortcode-single-image-fa2b041aec7f5a954cc668c4dcd6c7b6.enable-bg-rollover .rollover i,\n.shortcode-single-image-wrap.shortcode-single-image-fa2b041aec7f5a954cc668c4dcd6c7b6.enable-bg-rollover .rollover-video i {\n  background: ;\n  background: -webkit-linear-gradient();\n  background: linear-gradient();\n}\n.shortcode-single-image-wrap.shortcode-single-image-fa2b041aec7f5a954cc668c4dcd6c7b6 .rollover-icon {\n  font-size: 32px;\n  color: #ffffff;\n  min-width: 44px;\n  min-height: 44px;\n  line-height: 44px;\n  border-radius: 100px;\n  border-style: solid;\n  border-width: 0px;\n}\n.dt-icon-bg-on.shortcode-single-image-wrap.shortcode-single-image-fa2b041aec7f5a954cc668c4dcd6c7b6 .rollover-icon {\n  background: rgba(255,255,255,0.3);\n  box-shadow: none;\n}<\/style><div class=\"shortcode-single-image-wrap shortcode-single-image-fa2b041aec7f5a954cc668c4dcd6c7b6 alignnone  enable-bg-rollover dt-icon-bg-off\" style=\"margin-top:0px; margin-bottom:0px; margin-left:0px; margin-right:0px;\"><div class=\"shortcode-single-image\"><div class=\"fancy-media-wrap\" style=\"\"><a class=\"layzr-bg rollover rollover-zoom dt-pswp-item pswp-image\" href=\"https:\/\/ktk.ca\/wp-content\/uploads\/2018\/06\/KTK-Arts-Martiaux-Karate-Family_DSC0157.jpg\" title=\"KTK-Arts-Martiaux-Karate-Family_DSC0157\" data-dt-img-description=\"\" data-large_image_width=\"1333\" data-large_image_height = \"1000\"  style=\"\"><img fetchpriority=\"high\" decoding=\"async\" class=\"preload-me lazy-load aspect\" src=\"data:image\/svg+xml,%3Csvg%20xmlns%3D&#39;http%3A%2F%2Fwww.w3.org%2F2000%2Fsvg&#39;%20viewBox%3D&#39;0%200%201333%201000&#39;%2F%3E\" data-src=\"https:\/\/ktk.ca\/wp-content\/uploads\/2018\/06\/KTK-Arts-Martiaux-Karate-Family_DSC0157.jpg\" data-srcset=\"https:\/\/ktk.ca\/wp-content\/uploads\/2018\/06\/KTK-Arts-Martiaux-Karate-Family_DSC0157.jpg 1333w\" loading=\"eager\" style=\"--ratio: 1333 \/ 1000\" sizes=\"(max-width: 1333px) 100vw, 1333px\" width=\"1333\" height=\"1000\"  data-dt-location=\"https:\/\/ktk.ca\/fr\/ktk-arts-martiaux-karate-family_dsc0157\/\" alt=\"\" \/><\/a><\/div><\/div><\/div>[\/vc_column][vc_column width=\u00a0\u00bb1\/3&Prime;]<style type=\"text\/css\" data-type=\"the7_shortcodes-inline-css\">.shortcode-single-image-wrap.shortcode-single-image-ade43ff807a31dfe1bf8767df1a8f155.enable-bg-rollover .rollover i,\n.shortcode-single-image-wrap.shortcode-single-image-ade43ff807a31dfe1bf8767df1a8f155.enable-bg-rollover .rollover-video i {\n  background: ;\n  background: -webkit-linear-gradient();\n  background: linear-gradient();\n}\n.shortcode-single-image-wrap.shortcode-single-image-ade43ff807a31dfe1bf8767df1a8f155 .rollover-icon {\n  font-size: 32px;\n  color: #ffffff;\n  min-width: 44px;\n  min-height: 44px;\n  line-height: 44px;\n  border-radius: 100px;\n  border-style: solid;\n  border-width: 0px;\n}\n.dt-icon-bg-on.shortcode-single-image-wrap.shortcode-single-image-ade43ff807a31dfe1bf8767df1a8f155 .rollover-icon {\n  background: rgba(255,255,255,0.3);\n  box-shadow: none;\n}<\/style><div class=\"shortcode-single-image-wrap shortcode-single-image-ade43ff807a31dfe1bf8767df1a8f155 alignnone  enable-bg-rollover dt-icon-bg-off\" style=\"margin-top:0px; margin-bottom:0px; margin-left:0px; margin-right:0px;\"><div class=\"shortcode-single-image\"><div class=\"fancy-media-wrap\" style=\"\"><a class=\"layzr-bg rollover rollover-zoom dt-pswp-item pswp-image\" href=\"https:\/\/ktk.ca\/wp-content\/uploads\/2018\/06\/KTK-Arts-Martiaux-Karate-Family_BIZ5021.jpg\" title=\"KTK-Arts-Martiaux-Karate-Family_BIZ5021\" data-dt-img-description=\"\" data-large_image_width=\"1333\" data-large_image_height = \"1000\"  style=\"\"><img decoding=\"async\" class=\"preload-me lazy-load aspect\" src=\"data:image\/svg+xml,%3Csvg%20xmlns%3D&#39;http%3A%2F%2Fwww.w3.org%2F2000%2Fsvg&#39;%20viewBox%3D&#39;0%200%201333%201000&#39;%2F%3E\" data-src=\"https:\/\/ktk.ca\/wp-content\/uploads\/2018\/06\/KTK-Arts-Martiaux-Karate-Family_BIZ5021.jpg\" data-srcset=\"https:\/\/ktk.ca\/wp-content\/uploads\/2018\/06\/KTK-Arts-Martiaux-Karate-Family_BIZ5021.jpg 1333w\" loading=\"eager\" style=\"--ratio: 1333 \/ 1000\" sizes=\"(max-width: 1333px) 100vw, 1333px\" width=\"1333\" height=\"1000\"  data-dt-location=\"https:\/\/ktk.ca\/fr\/ktk-arts-martiaux-karate-family_biz5021\/\" alt=\"\" \/><\/a><\/div><\/div><\/div>[\/vc_column][vc_column width=\u00a0\u00bb1\/3&Prime;]<style type=\"text\/css\" data-type=\"the7_shortcodes-inline-css\">.shortcode-single-image-wrap.shortcode-single-image-2b960854314c7c01bcde0a949dc040af.enable-bg-rollover .rollover i,\n.shortcode-single-image-wrap.shortcode-single-image-2b960854314c7c01bcde0a949dc040af.enable-bg-rollover .rollover-video i {\n  background: ;\n  background: -webkit-linear-gradient();\n  background: linear-gradient();\n}\n.shortcode-single-image-wrap.shortcode-single-image-2b960854314c7c01bcde0a949dc040af .rollover-icon {\n  font-size: 32px;\n  color: #ffffff;\n  min-width: 44px;\n  min-height: 44px;\n  line-height: 44px;\n  border-radius: 100px;\n  border-style: solid;\n  border-width: 0px;\n}\n.dt-icon-bg-on.shortcode-single-image-wrap.shortcode-single-image-2b960854314c7c01bcde0a949dc040af .rollover-icon {\n  background: rgba(255,255,255,0.3);\n  box-shadow: none;\n}<\/style><div class=\"shortcode-single-image-wrap shortcode-single-image-2b960854314c7c01bcde0a949dc040af alignnone  enable-bg-rollover dt-icon-bg-off\" style=\"margin-top:0px; margin-bottom:0px; margin-left:0px; margin-right:0px;\"><div class=\"shortcode-single-image\"><div class=\"fancy-media-wrap\" style=\"\"><a class=\"layzr-bg rollover rollover-zoom dt-pswp-item pswp-image\" href=\"https:\/\/ktk.ca\/wp-content\/uploads\/2018\/06\/KTK-Arts-Martiaux-Karate-Family_BUZ0897.jpg\" title=\"KTK-Arts-Martiaux-Karate-Family_BUZ0897\" data-dt-img-description=\"\" data-large_image_width=\"1333\" data-large_image_height = \"1000\"  style=\"\"><img decoding=\"async\" class=\"preload-me lazy-load aspect\" src=\"data:image\/svg+xml,%3Csvg%20xmlns%3D&#39;http%3A%2F%2Fwww.w3.org%2F2000%2Fsvg&#39;%20viewBox%3D&#39;0%200%201333%201000&#39;%2F%3E\" data-src=\"https:\/\/ktk.ca\/wp-content\/uploads\/2018\/06\/KTK-Arts-Martiaux-Karate-Family_BUZ0897.jpg\" data-srcset=\"https:\/\/ktk.ca\/wp-content\/uploads\/2018\/06\/KTK-Arts-Martiaux-Karate-Family_BUZ0897.jpg 1333w\" loading=\"eager\" style=\"--ratio: 1333 \/ 1000\" sizes=\"(max-width: 1333px) 100vw, 1333px\" width=\"1333\" height=\"1000\"  data-dt-location=\"https:\/\/ktk.ca\/fr\/ktk-arts-martiaux-karate-family_buz0897\/\" alt=\"\" \/><\/a><\/div><\/div><\/div>[\/vc_column][vc_column][vc_column_text]<\/p>\n<p style=\"padding-right: 30px; text-align: right;\"><em><span style=\"color: #cccccc; font-size: 10px;\">Photo credit: <span style=\"color: #cccccc;\"><a style=\"color: #cccccc; text-decoration: none;\" href=\"https:\/\/brazeauphoto.com\/\" target=\"_blank\" rel=\"noopener\">Brazeauphoto.com<\/a><\/span><\/span><\/em><\/p>\n<p>[\/vc_column_text][\/vc_column][\/vc_row][vc_row][vc_column]<div id=\"ultimate-heading-836969e4da907ecca\" class=\"uvc-heading ult-adjust-bottom-margin ultimate-heading-836969e4da907ecca uvc-3273 accent-border-color\" data-hspacer=\"line_only\"  data-halign=\"left\" style=\"text-align:left\"><div class=\"uvc-main-heading ult-responsive\"  data-ultimate-target='.uvc-heading.ultimate-heading-836969e4da907ecca h2'  data-responsive-json-new='{\"font-size\":\"desktop:40px;\",\"line-height\":\"desktop:46px;\"}' ><h2 style=\"font-weight:bold;margin-bottom:15px;\">Le karat\u00e9 pour la famille<\/h2><\/div><div class=\"uvc-heading-spacer line_only\" style=\"margin-bottom:25px;height:5px;\"><span class=\"uvc-headings-line\" style=\"border-style:solid;border-bottom-width:5px;border-color:#ccc;width:470px;\"><\/span><\/div><\/div>[vc_column_text]<\/p>\n<p style=\"text-align: justify;\">L\u2019entra\u00eenement en famille est une fa\u00e7on agr\u00e9able de faire de l\u2019exercice ensemble et de rester branch\u00e9s avec vos enfants. Ce programme est offert \u00e0 raison d\u2019une fois semaine pour les d\u00e9butants jusqu\u2019\u00e0 la ceinture verte.<\/p>\n<p style=\"text-align: justify;\">Lorsqu\u2019un niveau plus \u00e9lev\u00e9 est atteint au karat\u00e9, les \u00e9tudiants peuvent s\u2019int\u00e9grer aux classes plus avanc\u00e9es pour mieux d\u00e9velopper leur plein potentiel.<\/p>\n<p style=\"text-align: justify;\">Une famille qui s\u2019entra\u00eene ensemble reste ensemble!<\/p>\n<p>[\/vc_column_text][\/vc_column][\/vc_row][vc_row type=\u00a0\u00bbvc_default\u00a0\u00bb full_width=\u00a0\u00bbstretch_row\u00a0\u00bb gap=\u00a0\u00bb20&Prime; equal_height=\u00a0\u00bbyes\u00a0\u00bb css=\u00a0\u00bb.vc_custom_1532538789596{margin-top: 70px !important;background-color: #4c4c4c !important;}\u00a0\u00bb][vc_column][vc_row_inner][vc_column_inner width=\u00a0\u00bb1\/4&Prime;][vc_single_image image=\u00a0\u00bb1747&Prime; alignment=\u00a0\u00bbcenter\u00a0\u00bb style=\u00a0\u00bbvc_box_circle\u00a0\u00bb][\/vc_column_inner][vc_column_inner width=\u00a0\u00bb3\/4&Prime;][vc_column_text css=\u00a0\u00bb.vc_custom_1528029791018{padding-top: 25px !important;}\u00a0\u00bb]<\/p>\n<h5><span style=\"color: #f2f2f2;\">\u00ab Le karat\u00e9 traditionnel est b\u00e9n\u00e9fique pour la sant\u00e9 des adultes de tous les \u00e2ges. Il am\u00e9liore \u00e9galement le contr\u00f4le et la confiance en soi. \u00bb<\/span><\/h5>\n<h5><span style=\"color: #f2f2f2;\"><em>Sylvain Aub\u00e9, Instructeur en chef<\/em><\/span><\/h5>\n<p>[\/vc_column_text][\/vc_column_inner][\/vc_row_inner][\/vc_column][\/vc_row][vc_row type=\u00a0\u00bbvc_default\u00a0\u00bb full_width=\u00a0\u00bbstretch_row\u00a0\u00bb gap=\u00a0\u00bb20&Prime; equal_height=\u00a0\u00bbyes\u00a0\u00bb css=\u00a0\u00bb.vc_custom_1531504777756{padding-top: 50px !important;padding-bottom: 50px !important;background-color: #f2f2f2 !important;}\u00a0\u00bb][vc_column width=\u00a0\u00bb1\/6&Prime; css=\u00a0\u00bb.vc_custom_1529196571524{padding-top: 100px !important;padding-right: 25px !important;padding-bottom: 100px !important;padding-left: 25px !important;}\u00a0\u00bb][\/vc_column][vc_column width=\u00a0\u00bb2\/3&Prime;]<div class=\"wf-container dt-gallery-container dt-photos-shortcode loading-effect-none iso-grid\" data-padding=\"1px\" data-cur-page=\"1\" data-width=\"370px\" data-columns=\"1\"><div class=\"wf-cell\" data-post-id=\"5598\" data-date=\"2026-01-04T22:58:13-05:00\" data-name=\"Horaire Janvier 2026-KTK-Art-Martiaux\">\n<article class=\"post post-5598 attachment type-attachment status-inherit hentry no-img description-off\">\n\n\t<figure class=\"rollover-project links-hovers-disabled\">\n\t<a href=\"https:\/\/ktk.ca\/wp-content\/uploads\/2018\/07\/Horaire-Janvier-2026-KTK-Art-Martiaux.png\" class=\"rollover rollover-zoom dt-pswp-item layzr-bg\" title=\"Horaire Janvier 2026-KTK-Art-Martiaux\" data-dt-img-description=\"\"  data-large_image_width=\"906\" data-large_image_height = \"1128\" ><img decoding=\"async\" class=\"preload-me iso-lazy-load aspect\" src=\"data:image\/svg+xml,%3Csvg%20xmlns%3D&#39;http%3A%2F%2Fwww.w3.org%2F2000%2Fsvg&#39;%20viewBox%3D&#39;0%200%20555%20691&#39;%2F%3E\" data-src=\"https:\/\/ktk.ca\/wp-content\/uploads\/2018\/07\/Horaire-Janvier-2026-KTK-Art-Martiaux-555x691.png\" data-srcset=\"https:\/\/ktk.ca\/wp-content\/uploads\/2018\/07\/Horaire-Janvier-2026-KTK-Art-Martiaux-555x691.png 555w, https:\/\/ktk.ca\/wp-content\/uploads\/2018\/07\/Horaire-Janvier-2026-KTK-Art-Martiaux.png 905w\" loading=\"eager\" style=\"--ratio: 555 \/ 691\" sizes=\"(max-width: 555px) 100vw, 555px\" alt=\"\" width=\"555\" height=\"691\"  \/><\/a>\t<\/figure>\n<\/article>\n\n<\/div><\/div>[\/vc_column][vc_column width=\u00a0\u00bb1\/6&Prime;][\/vc_column][\/vc_row]<\/p>\n<\/div>","protected":false},"excerpt":{"rendered":"<p>[vc_row type=\u00a0\u00bbvc_default\u00a0\u00bb full_width=\u00a0\u00bbstretch_row_content_no_spaces\u00a0\u00bb gap=\u00a0\u00bb1&Prime; equal_height=\u00a0\u00bbyes\u00a0\u00bb css=\u00a0\u00bb.vc_custom_1531504604763{margin-top: -70px !important;margin-bottom: 70px !important;}\u00a0\u00bb][vc_column width=\u00a0\u00bb1\/3&Prime;][\/vc_column][vc_column width=\u00a0\u00bb1\/3&Prime;][\/vc_column][vc_column width=\u00a0\u00bb1\/3&Prime;][\/vc_column][vc_column][vc_column_text] Photo credit: Brazeauphoto.com [\/vc_column_text][\/vc_column][\/vc_row][vc_row][vc_column][vc_column_text] L\u2019entra\u00eenement en famille est une fa\u00e7on agr\u00e9able de faire de l\u2019exercice ensemble et&hellip;<\/p>\n","protected":false},"author":1,"featured_media":4558,"parent":0,"menu_order":202,"comment_status":"closed","ping_status":"closed","template":"","meta":{"footnotes":""},"class_list":["post-4200","page","type-page","status-publish","has-post-thumbnail","hentry","description-off"],"_links":{"self":[{"href":"https:\/\/ktk.ca\/fr\/wp-json\/wp\/v2\/pages\/4200","targetHints":{"allow":["GET"]}}],"collection":[{"href":"https:\/\/ktk.ca\/fr\/wp-json\/wp\/v2\/pages"}],"about":[{"href":"https:\/\/ktk.ca\/fr\/wp-json\/wp\/v2\/types\/page"}],"author":[{"embeddable":true,"href":"https:\/\/ktk.ca\/fr\/wp-json\/wp\/v2\/users\/1"}],"replies":[{"embeddable":true,"href":"https:\/\/ktk.ca\/fr\/wp-json\/wp\/v2\/comments?post=4200"}],"version-history":[{"count":3,"href":"https:\/\/ktk.ca\/fr\/wp-json\/wp\/v2\/pages\/4200\/revisions"}],"predecessor-version":[{"id":4298,"href":"https:\/\/ktk.ca\/fr\/wp-json\/wp\/v2\/pages\/4200\/revisions\/4298"}],"wp:featuredmedia":[{"embeddable":true,"href":"https:\/\/ktk.ca\/fr\/wp-json\/wp\/v2\/media\/4558"}],"wp:attachment":[{"href":"https:\/\/ktk.ca\/fr\/wp-json\/wp\/v2\/media?parent=4200"}],"curies":[{"name":"wp","href":"https:\/\/api.w.org\/{rel}","templated":true}]}}