{"id":4190,"date":"2018-05-25T09:09:09","date_gmt":"2018-05-25T14:09:09","guid":{"rendered":"http:\/\/ktk.ca\/karate-history\/"},"modified":"2019-11-01T12:52:24","modified_gmt":"2019-11-01T17:52:24","slug":"histoire-du-karate","status":"publish","type":"page","link":"https:\/\/ktk.ca\/fr\/histoire-du-karate\/","title":{"rendered":"Histoire du Karat\u00e9"},"content":{"rendered":"<div class=\"wpb-content-wrapper\"><p>[vc_row][vc_column]<div id=\"ultimate-heading-450569e1a27fadd0f\" class=\"uvc-heading ult-adjust-bottom-margin ultimate-heading-450569e1a27fadd0f uvc-5883 accent-border-color\" data-hspacer=\"line_only\"  data-halign=\"left\" style=\"text-align:left\"><div class=\"uvc-main-heading ult-responsive\"  data-ultimate-target='.uvc-heading.ultimate-heading-450569e1a27fadd0f h2'  data-responsive-json-new='{\"font-size\":\"desktop:40px;\",\"line-height\":\"desktop:46px;\"}' ><h2 style=\"font-weight:bold;margin-bottom:15px;\">Les ma\u00eetres<\/h2><\/div><div class=\"uvc-heading-spacer line_only\" style=\"margin-bottom:25px;height:5px;\"><span class=\"uvc-headings-line\" style=\"border-style:solid;border-bottom-width:5px;border-color:;width:450px;\"><\/span><\/div><\/div>[vc_column_text]Du Japon \u00e0 Gatineau, la tradition continue![\/vc_column_text][vc_separator css=\u00a0\u00bb.vc_custom_1528937275694{margin-top: 40px !important;margin-bottom: 40px !important;}\u00a0\u00bb][vc_row_inner][vc_column_inner width=\u00a0\u00bb1\/3&Prime;]<style type=\"text\/css\" data-type=\"the7_shortcodes-inline-css\">.shortcode-single-image-wrap.shortcode-single-image-9d5abca02193af0e6e395fa1b976ce44.enable-bg-rollover .rollover i,\n.shortcode-single-image-wrap.shortcode-single-image-9d5abca02193af0e6e395fa1b976ce44.enable-bg-rollover .rollover-video i {\n  background: ;\n  background: -webkit-linear-gradient();\n  background: linear-gradient();\n}\n.shortcode-single-image-wrap.shortcode-single-image-9d5abca02193af0e6e395fa1b976ce44 .rollover-icon {\n  font-size: 32px;\n  color: #ffffff;\n  min-width: 44px;\n  min-height: 44px;\n  line-height: 44px;\n  border-radius: 100px;\n  border-style: solid;\n  border-width: 0px;\n}\n.dt-icon-bg-on.shortcode-single-image-wrap.shortcode-single-image-9d5abca02193af0e6e395fa1b976ce44 .rollover-icon {\n  background: rgba(255,255,255,0.3);\n  box-shadow: none;\n}<\/style><div class=\"shortcode-single-image-wrap shortcode-single-image-9d5abca02193af0e6e395fa1b976ce44 alignnone zoomIn animate-element  enable-bg-rollover dt-icon-bg-off\" style=\"margin-top:0px; margin-bottom:0px; margin-left:0px; margin-right:0px; width:350px;\"><div class=\"shortcode-single-image\"><div class=\"fancy-media-wrap  layzr-bg\" style=\"border-radius:500px;\"><img fetchpriority=\"high\" decoding=\"async\" class=\"preload-me lazy-load aspect\" src=\"data:image\/svg+xml,%3Csvg%20xmlns%3D&#39;http%3A%2F%2Fwww.w3.org%2F2000%2Fsvg&#39;%20viewBox%3D&#39;0%200%20300%20300&#39;%2F%3E\" data-src=\"https:\/\/ktk.ca\/wp-content\/uploads\/2018\/05\/Gichin-Funakoshi.jpg\" data-srcset=\"https:\/\/ktk.ca\/wp-content\/uploads\/2018\/05\/Gichin-Funakoshi.jpg 300w\" loading=\"eager\" sizes=\"(max-width: 300px) 100vw, 300px\" width=\"300\" height=\"300\"  data-dt-location=\"https:\/\/ktk.ca\/fr\/karate-history\/gichin-funakoshi\/\" style=\"--ratio: 300 \/ 300;border-radius:500px;\" alt=\"\" \/><\/div><\/div><\/div>[vc_column_text]<\/p>\n<p style=\"text-align: center;\"><strong>Ma\u00eetre Gichin Funakoshi<\/strong><br \/>\nMembre fondateur du karat\u00e9 traditionnel<\/p>\n<p>[\/vc_column_text][\/vc_column_inner][vc_column_inner width=\u00a0\u00bb2\/3&Prime;][vc_column_text]<\/p>\n<p style=\"text-align: justify;\">Ma\u00eetre Gichin Funakoshi est consid\u00e9r\u00e9 comme le p\u00e8re fondateur du karat\u00e9 moderne. Il a jou\u00e9 un r\u00f4le principal dans le d\u00e9veloppement et la diffusion des art martiaux Okinawan, au Japon et au travers du monde.<\/p>\n<p style=\"text-align: justify;\">Ma\u00eetre Funakoshi enseignait une seule m\u00e9thode, une discipline compl\u00e8te, une synth\u00e8se de styles vari\u00e9s de karat\u00e9 Okinawan. Cette m\u00e9thode devint connue sous le nom de \u00ab Shotokan \u00bb d\u2019apr\u00e8s le temple de Shoto, le nom de plume de Funakoshi. Shoto signifie \u00ab les pins qui se balancent dans le vent \u00bb.<\/p>\n<p style=\"text-align: justify;\">Pour Ma\u00eetre Funakoshi, le mot karat\u00e9 a \u00e9ventuellement pris un sens plus profond, le karate-do. Cette formulation repr\u00e9sente la \u00ab voie de la main vide \u00bb int\u00e9grant le karat\u00e9 fermement dans la tradition du Budo japonais. La pratique du karate-do devint une \u00e9cole-vie voulant l\u2019am\u00e9lioration de tous les aspects de la sant\u00e9 : physique et mentale.<\/p>\n<p style=\"text-align: justify;\">En 1922, suite \u00e0 l\u2019invitation de l\u2019Empereur, le Ma\u00eetre Funakoshi introduit son art au Ministre de l\u2019\u00e9ducation du Japon \u00e0 Tokyo. La premi\u00e8re d\u00e9monstration du karat\u00e9 au Japon fut un succ\u00e8s retentissant. D\u2019un artiste martial inconnu Funakoshi Gichin devint c\u00e9l\u00e8bre instantan\u00e9ment dans le domaine des arts martiaux japonais.<\/p>\n<p style=\"text-align: justify;\">Ma\u00eetre Funakoshi est sans doute un des artistes martiaux des plus honor\u00e9s et respect\u00e9s de l\u2019histoire. Ses efforts et son innovation ont profond\u00e9ment influenc\u00e9 le karat\u00e9 traditionnel tel qu\u2019il est pratiqu\u00e9 aujourd\u2019hui. Il est d\u00e9c\u00e9d\u00e9 le 26 avril 1957, \u00e0 l\u2019\u00e2ge de 88 ans.<\/p>\n<p>[\/vc_column_text][\/vc_column_inner][\/vc_row_inner][vc_separator css=\u00a0\u00bb.vc_custom_1528937275694{margin-top: 40px !important;margin-bottom: 40px !important;}\u00a0\u00bb][vc_row_inner][vc_column_inner width=\u00a0\u00bb1\/3&Prime;]<style type=\"text\/css\" data-type=\"the7_shortcodes-inline-css\">.shortcode-single-image-wrap.shortcode-single-image-b8c0ec3d32c5c9dbb229a47414badfdb.enable-bg-rollover .rollover i,\n.shortcode-single-image-wrap.shortcode-single-image-b8c0ec3d32c5c9dbb229a47414badfdb.enable-bg-rollover .rollover-video i {\n  background: ;\n  background: -webkit-linear-gradient();\n  background: linear-gradient();\n}\n.shortcode-single-image-wrap.shortcode-single-image-b8c0ec3d32c5c9dbb229a47414badfdb .rollover-icon {\n  font-size: 32px;\n  color: #ffffff;\n  min-width: 44px;\n  min-height: 44px;\n  line-height: 44px;\n  border-radius: 100px;\n  border-style: solid;\n  border-width: 0px;\n}\n.dt-icon-bg-on.shortcode-single-image-wrap.shortcode-single-image-b8c0ec3d32c5c9dbb229a47414badfdb .rollover-icon {\n  background: rgba(255,255,255,0.3);\n  box-shadow: none;\n}<\/style><div class=\"shortcode-single-image-wrap shortcode-single-image-b8c0ec3d32c5c9dbb229a47414badfdb alignnone zoomIn animate-element  enable-bg-rollover dt-icon-bg-off\" style=\"margin-top:0px; margin-bottom:0px; margin-left:0px; margin-right:0px; width:350px;\"><div class=\"shortcode-single-image\"><div class=\"fancy-media-wrap  layzr-bg\" style=\"border-radius:500px;\"><img decoding=\"async\" class=\"preload-me lazy-load aspect\" src=\"data:image\/svg+xml,%3Csvg%20xmlns%3D&#39;http%3A%2F%2Fwww.w3.org%2F2000%2Fsvg&#39;%20viewBox%3D&#39;0%200%20300%20300&#39;%2F%3E\" data-src=\"https:\/\/ktk.ca\/wp-content\/uploads\/2018\/05\/hidetakanishiyama.jpg\" data-srcset=\"https:\/\/ktk.ca\/wp-content\/uploads\/2018\/05\/hidetakanishiyama.jpg 300w\" loading=\"eager\" sizes=\"(max-width: 300px) 100vw, 300px\" width=\"300\" height=\"300\"  data-dt-location=\"https:\/\/ktk.ca\/fr\/karate-history\/hidetakanishiyama\/\" style=\"--ratio: 300 \/ 300;border-radius:500px;\" alt=\"\" \/><\/div><\/div><\/div>[vc_column_text]<\/p>\n<p style=\"text-align: center;\"><strong>Ma\u00eetre Hidetaka Nishiyama<\/strong><br \/>\nF\u00e9d\u00e9ration international du karat\u00e9 traditionnel<\/p>\n<p>[\/vc_column_text][\/vc_column_inner][vc_column_inner width=\u00a0\u00bb2\/3&Prime;][vc_column_text]<\/p>\n<p style=\"text-align: justify;\">Ma\u00eetre Hidetaka Nishiyama est l\u2019un des pionniers du karat\u00e9 japonais traditionnel. N\u00e9 \u00e0 Tokyo en 1928, il a d\u00e9couvert le karat\u00e9 dans le dojo Shotokan men\u00e9 par Ma\u00eetre Gichin Funakoshi alors qu\u2019il avait 15 ans.<\/p>\n<p style=\"text-align: justify;\">Hidetaka Nishiyama devint \u00e9ventuellement un membre fondateur de Nihon Karate-Kyokai (l\u2019Association du Karat\u00e9 du Japon) et un de ses instructeurs d\u2019\u00e9cole de renomm\u00e9e. En 1960, il publia un livre intitule Karate: The Art of Empty Hand Fighting (Le karat\u00e9 : l\u2019art du combat de la main vide), qui devint un des meilleurs vendeurs au sein du monde du karat\u00e9 et qui est toujours une r\u00e9f\u00e9rence cl\u00e9.<\/p>\n<p style=\"text-align: justify;\">Au d\u00e9but des ann\u00e9es soixante, Ma\u00eetre Nishiyama d\u00e9m\u00e9nage\u00e2t en Californie o\u00f9 il fonda le All American Karate Federation (AAKF), ce qui devint le American Amateur Karate Federation. Nishiyama fut aussi responsable pour l\u2019organisation du premier championnat national du style Shotokan am\u00e9ricain.<\/p>\n<p style=\"text-align: justify;\">Toujours int\u00e9ress\u00e9 \u00e0 l\u2019am\u00e9lioration continue de son art, Ma\u00eetre Nishiyama s\u2019entoura d\u2019experts en physiologie afin de faire de la conscientisation au sujet des principes biom\u00e9caniques du karat\u00e9 traditionnel et pour cr\u00e9er un syst\u00e8me novateur et efficace bas\u00e9 sur les pr\u00e9ceptes scientifiques. Ma\u00eetre Hidetaka Nishiyama voyagea le monde afin d\u2019enseigner \u00e0 de futures g\u00e9n\u00e9rations les principes philosophiques du karat\u00e9 Budo en tant qu\u2019art martial efficace.<\/p>\n<p>[\/vc_column_text][\/vc_column_inner][\/vc_row_inner][vc_separator css=\u00a0\u00bb.vc_custom_1528937275694{margin-top: 40px !important;margin-bottom: 40px !important;}\u00a0\u00bb][vc_row_inner][vc_column_inner width=\u00a0\u00bb1\/3&Prime;]<style type=\"text\/css\" data-type=\"the7_shortcodes-inline-css\">.shortcode-single-image-wrap.shortcode-single-image-b41563417b033e21b5460ab70cf44ad6.enable-bg-rollover .rollover i,\n.shortcode-single-image-wrap.shortcode-single-image-b41563417b033e21b5460ab70cf44ad6.enable-bg-rollover .rollover-video i {\n  background: ;\n  background: -webkit-linear-gradient();\n  background: linear-gradient();\n}\n.shortcode-single-image-wrap.shortcode-single-image-b41563417b033e21b5460ab70cf44ad6 .rollover-icon {\n  font-size: 32px;\n  color: #ffffff;\n  min-width: 44px;\n  min-height: 44px;\n  line-height: 44px;\n  border-radius: 100px;\n  border-style: solid;\n  border-width: 0px;\n}\n.dt-icon-bg-on.shortcode-single-image-wrap.shortcode-single-image-b41563417b033e21b5460ab70cf44ad6 .rollover-icon {\n  background: rgba(255,255,255,0.3);\n  box-shadow: none;\n}<\/style><div class=\"shortcode-single-image-wrap shortcode-single-image-b41563417b033e21b5460ab70cf44ad6 alignnone zoomIn animate-element  enable-bg-rollover dt-icon-bg-off\" style=\"margin-top:0px; margin-bottom:0px; margin-left:0px; margin-right:0px; width:350px;\"><div class=\"shortcode-single-image\"><div class=\"fancy-media-wrap  layzr-bg\" style=\"border-radius:500px;\"><img decoding=\"async\" class=\"preload-me lazy-load aspect\" src=\"data:image\/svg+xml,%3Csvg%20xmlns%3D&#39;http%3A%2F%2Fwww.w3.org%2F2000%2Fsvg&#39;%20viewBox%3D&#39;0%200%20300%20300&#39;%2F%3E\" data-src=\"https:\/\/ktk.ca\/wp-content\/uploads\/2018\/05\/yutakakatsumata.jpg\" data-srcset=\"https:\/\/ktk.ca\/wp-content\/uploads\/2018\/05\/yutakakatsumata.jpg 300w\" loading=\"eager\" sizes=\"(max-width: 300px) 100vw, 300px\" width=\"300\" height=\"300\"  data-dt-location=\"https:\/\/ktk.ca\/fr\/karate-history\/yutakakatsumata\/\" style=\"--ratio: 300 \/ 300;border-radius:500px;\" alt=\"\" \/><\/div><\/div><\/div>[vc_column_text]<\/p>\n<p style=\"text-align: center;\"><strong>Yutaka Katsumata Sensei<\/strong><br \/>\nAssociation de Karat\u00e9 Shotokan<\/p>\n<p>[\/vc_column_text][\/vc_column_inner][vc_column_inner width=\u00a0\u00bb2\/3&Prime;][vc_column_text]<\/p>\n<p style=\"text-align: justify;\">Sensei Yutaka Katsumata, 8\u00e8me dan est dipl\u00f4m\u00e9 de l\u2019Universit\u00e9 de Tokyo et de la prestigieuse \u00c9cole d\u2019instructeurs de l\u2019Association de karat\u00e9 du Japon (JKA). Avant de venir au Qu\u00e9bec, il s\u2019est entra\u00een\u00e9 pendant sept ans \u00e0 l\u2019Hombu Dojo au Japon. Pendant plusieurs ann\u00e9es, il a particip\u00e9 au championnat national du JKA. On s\u2019y r\u00e9f\u00e8re souvent comme un des meilleurs praticiens du karat\u00e9 au monde. Plus r\u00e9cemment, on a demand\u00e9 qu\u2019il soit l\u2019entra\u00eeneur d\u2019\u00e9quipes qui comp\u00e9titionnent au niveau international.<\/p>\n<p style=\"text-align: justify;\">Depuis plus de 35 ans, Sensei Katsumata a transmis sa passion et ses connaissances \u00e0 Sensei Sylvain Aub\u00e9. Son influence est d\u2019une grande richesse \u00e0 KTK.<\/p>\n<p>[\/vc_column_text][\/vc_column_inner][\/vc_row_inner][vc_separator css=\u00a0\u00bb.vc_custom_1528937275694{margin-top: 40px !important;margin-bottom: 40px !important;}\u00a0\u00bb][vc_row_inner][vc_column_inner width=\u00a0\u00bb1\/3&Prime;]<style type=\"text\/css\" data-type=\"the7_shortcodes-inline-css\">.shortcode-single-image-wrap.shortcode-single-image-6311377baad740cdcef2b75598bce7be.enable-bg-rollover .rollover i,\n.shortcode-single-image-wrap.shortcode-single-image-6311377baad740cdcef2b75598bce7be.enable-bg-rollover .rollover-video i {\n  background: ;\n  background: -webkit-linear-gradient();\n  background: linear-gradient();\n}\n.shortcode-single-image-wrap.shortcode-single-image-6311377baad740cdcef2b75598bce7be .rollover-icon {\n  font-size: 32px;\n  color: #ffffff;\n  min-width: 44px;\n  min-height: 44px;\n  line-height: 44px;\n  border-radius: 100px;\n  border-style: solid;\n  border-width: 0px;\n}\n.dt-icon-bg-on.shortcode-single-image-wrap.shortcode-single-image-6311377baad740cdcef2b75598bce7be .rollover-icon {\n  background: rgba(255,255,255,0.3);\n  box-shadow: none;\n}<\/style><div class=\"shortcode-single-image-wrap shortcode-single-image-6311377baad740cdcef2b75598bce7be alignnone zoomIn animate-element  enable-bg-rollover dt-icon-bg-off\" style=\"margin-top:0px; margin-bottom:0px; margin-left:0px; margin-right:0px; width:350px;\"><div class=\"shortcode-single-image\"><div class=\"fancy-media-wrap  layzr-bg\" style=\"border-radius:500px;\"><img decoding=\"async\" class=\"preload-me lazy-load aspect\" src=\"data:image\/svg+xml,%3Csvg%20xmlns%3D&#39;http%3A%2F%2Fwww.w3.org%2F2000%2Fsvg&#39;%20viewBox%3D&#39;0%200%20300%20300&#39;%2F%3E\" data-src=\"https:\/\/ktk.ca\/wp-content\/uploads\/2018\/05\/sylvainaube.jpg\" data-srcset=\"https:\/\/ktk.ca\/wp-content\/uploads\/2018\/05\/sylvainaube.jpg 300w\" loading=\"eager\" sizes=\"(max-width: 300px) 100vw, 300px\" width=\"300\" height=\"300\"  data-dt-location=\"https:\/\/ktk.ca\/fr\/karate-history\/sylvainaube\/\" style=\"--ratio: 300 \/ 300;border-radius:500px;\" alt=\"\" \/><\/div><\/div><\/div>[vc_column_text]<\/p>\n<p style=\"text-align: center;\"><strong>Sylvain Aub\u00e9 Sensei<\/strong><br \/>\nKTK Arts Martiaux<\/p>\n<p>[\/vc_column_text][\/vc_column_inner][vc_column_inner width=\u00a0\u00bb2\/3&Prime;][vc_column_text]<\/p>\n<p style=\"text-align: justify;\">Sensei Sylvain Aub\u00e9 est 5\u00e8me dan reconnu par Karat\u00e9 Canada et par la WKF (World Karate Federation). Il s\u2019est entra\u00een\u00e9 pendant plus de 35 ans avec Sensei Yutaka Katsumata, 8\u00e8me dan. Sylvain Aub\u00e9 s\u2019est \u00e9galement entra\u00een\u00e9 intensivement avec Ma\u00eetre Hidetaka Nishiyama, qui lui, \u00e9tait un \u00e9tudiant de Ma\u00eetre Gichin Funakoshi, le fondateur du karat\u00e9 Shotokan traditionnel. En juillet 2007, Sensei Aub\u00e9 a re\u00e7u la certification comme arbitre de Niveau B avec l\u2019International Traditional Karate Federation (ITKF) dans le kata et kumite. Un \u00e9ducateur physique de profession, Sylvain Aub\u00e9 enseigne les techniques de combat polici\u00e8res et des arts martiaux. Il est enti\u00e8rement d\u00e9vou\u00e9 \u00e0 la transmission du karat\u00e9 traditionnel en tant qu\u2019outil efficace pour l\u2019auto-d\u00e9fense ainsi que pour l\u2019am\u00e9lioration des aspects physiques et mentaux de chaque \u00e9tudiant de KTK.<\/p>\n<p>[\/vc_column_text][\/vc_column_inner][\/vc_row_inner][\/vc_column][\/vc_row]<\/p>\n<\/div>","protected":false},"excerpt":{"rendered":"<p>[vc_row][vc_column][vc_column_text]Du Japon \u00e0 Gatineau, la tradition continue![\/vc_column_text][vc_separator css=\u00a0\u00bb.vc_custom_1528937275694{margin-top: 40px !important;margin-bottom: 40px !important;}\u00a0\u00bb][vc_row_inner][vc_column_inner width=\u00a0\u00bb1\/3&Prime;][vc_column_text] Ma\u00eetre Gichin Funakoshi Membre fondateur du karat\u00e9 traditionnel [\/vc_column_text][\/vc_column_inner][vc_column_inner width=\u00a0\u00bb2\/3&Prime;][vc_column_text] Ma\u00eetre Gichin Funakoshi est consid\u00e9r\u00e9 comme le&hellip;<\/p>\n","protected":false},"author":1,"featured_media":4573,"parent":0,"menu_order":102,"comment_status":"closed","ping_status":"closed","template":"","meta":{"footnotes":""},"class_list":["post-4190","page","type-page","status-publish","has-post-thumbnail","hentry","description-off"],"_links":{"self":[{"href":"https:\/\/ktk.ca\/fr\/wp-json\/wp\/v2\/pages\/4190","targetHints":{"allow":["GET"]}}],"collection":[{"href":"https:\/\/ktk.ca\/fr\/wp-json\/wp\/v2\/pages"}],"about":[{"href":"https:\/\/ktk.ca\/fr\/wp-json\/wp\/v2\/types\/page"}],"author":[{"embeddable":true,"href":"https:\/\/ktk.ca\/fr\/wp-json\/wp\/v2\/users\/1"}],"replies":[{"embeddable":true,"href":"https:\/\/ktk.ca\/fr\/wp-json\/wp\/v2\/comments?post=4190"}],"version-history":[{"count":4,"href":"https:\/\/ktk.ca\/fr\/wp-json\/wp\/v2\/pages\/4190\/revisions"}],"predecessor-version":[{"id":4998,"href":"https:\/\/ktk.ca\/fr\/wp-json\/wp\/v2\/pages\/4190\/revisions\/4998"}],"wp:featuredmedia":[{"embeddable":true,"href":"https:\/\/ktk.ca\/fr\/wp-json\/wp\/v2\/media\/4573"}],"wp:attachment":[{"href":"https:\/\/ktk.ca\/fr\/wp-json\/wp\/v2\/media?parent=4190"}],"curies":[{"name":"wp","href":"https:\/\/api.w.org\/{rel}","templated":true}]}}