{"id":4183,"date":"2016-01-29T10:12:39","date_gmt":"2016-01-29T15:12:39","guid":{"rendered":"http:\/\/ktk.ca\/about-us\/"},"modified":"2022-10-03T15:07:38","modified_gmt":"2022-10-03T20:07:38","slug":"a-propos-de-nous","status":"publish","type":"page","link":"https:\/\/ktk.ca\/fr\/a-propos-de-nous\/","title":{"rendered":"\u00c0 propos de nous"},"content":{"rendered":"<div class=\"wpb-content-wrapper\"><p>[vc_row margin_top=\u00a0\u00bb50px\u00a0\u00bb margin_bottom=\u00a0\u00bb75px\u00a0\u00bb][vc_column width=\u00a0\u00bb2\/3&Prime;]<div id=\"ultimate-heading-550469d2db762099a\" class=\"uvc-heading ult-adjust-bottom-margin ultimate-heading-550469d2db762099a uvc-6230 \" data-hspacer=\"no_spacer\"  data-halign=\"left\" style=\"text-align:left\"><div class=\"uvc-heading-spacer no_spacer\" style=\"top\"><\/div><div class=\"uvc-main-heading ult-responsive\"  data-ultimate-target='.uvc-heading.ultimate-heading-550469d2db762099a h2'  data-responsive-json-new='{\"font-size\":\"desktop:26px;\",\"line-height\":\"desktop:32px;\"}' ><h2 style=\"font-weight:bold;margin-bottom:20px;\">KTK Arts Martiaux<\/h2><\/div><\/div>[vc_column_text]<\/p>\n<p style=\"text-align: justify;\">Depuis 1993, <strong>KTK ARTS MARTIAUX<\/strong> fait parti de la communaut\u00e9 de Gatineau.<\/p>\n<p style=\"text-align: justify;\">Gr\u00e2ce \u00e0 ses programmes structur\u00e9s et bien \u00e9tablis de karat\u00e9, les \u00e9l\u00e8ves profitent d&rsquo;un entra\u00eenement physique tout en b\u00e9n\u00e9ficiant d&rsquo;un environnement qui favorise l&rsquo;excellence.<\/p>\n<p style=\"text-align: justify;\">Par ailleurs, <strong>KTK<\/strong> est fier de maintenir un comportement \u00e9thique et des normes de service parmi les plus \u00e9lev\u00e9s, ce qui contribue \u00e0 maintenir un environnement s\u00e9curitaire, amusant et familial.<\/p>\n<p style=\"text-align: justify;\">Nous sommes fiers que les instructeurs chez <strong>KTK<\/strong> offrent des entra\u00eenements d\u2019excellente qualit\u00e9 et d\u00e9tiennent beaucoup d&rsquo;exp\u00e9rience de comp\u00e9titions nationales et internationales. Ils participent \u00e0 des s\u00e9minaires et \u00e0 des programmes de perfectionnement d\u2019entra\u00eeneurs. Nos instructeurs ont \u00e9galement fait des \u00e9tudes postsecondaires et ont des carri\u00e8res professionnelles ce qui sert \u00e0 ajouter \u00e0 leur r\u00e9pertoire d&rsquo;enseignement.<\/p>\n<p style=\"text-align: justify;\">Sensei Sylvain Aub\u00e9 est un 5\u00e8me Dan, class\u00e9 selon les standards japonais du Karat\u00e9 Shotokan, et a d\u00fb passer ses examens comme les pratiquants \u00e9tablis au Japon. Il d\u00e9tient un baccalaur\u00e9at en sciences de l\u2019activit\u00e9 physique et enseigne les techniques polici\u00e8res au C\u00e9gep et les cours d\u2019arts martiaux \u00e0 l\u2019Universit\u00e9 d\u2019Ottawa.<\/p>\n<p style=\"text-align: justify;\">Adamira Tijerino poss\u00e8de une vaste exp\u00e9rience en enseignement au niveau universitaire (plus de 10 ans en tant que professeure en criminologie) et elle travaille maintenant comme fonctionnaire au sein du gouvernement du Canada.<\/p>\n<p style=\"text-align: justify;\"><strong>KTK ARTS MARTIAUX<\/strong> a une r\u00e9putation bien \u00e9tablie pour son excellent service et pour la qualit\u00e9 de son enseignement. Venez le voir par vous-m\u00eame au moyen d\u2019un cours d\u2019essai (gratuit)!<\/p>\n<p>[\/vc_column_text][\/vc_column][vc_column width=\u00a0\u00bb1\/3&Prime;]<div id=\"ultimate-heading-938869d2db7620a3f\" class=\"uvc-heading ult-adjust-bottom-margin ultimate-heading-938869d2db7620a3f uvc-8835 \" data-hspacer=\"no_spacer\"  data-halign=\"left\" style=\"text-align:left\"><div class=\"uvc-heading-spacer no_spacer\" style=\"top\"><\/div><div class=\"uvc-main-heading ult-responsive\"  data-ultimate-target='.uvc-heading.ultimate-heading-938869d2db7620a3f h2'  data-responsive-json-new='{\"font-size\":\"desktop:26px;\",\"line-height\":\"desktop:32px;\"}' ><h2 style=\"font-weight:bold;margin-bottom:20px;\">Nos valeurs<\/h2><\/div><\/div>[vc_progress_bar values=\u00a0\u00bb%5B%7B%22label%22%3A%22Excellence%22%2C%22value%22%3A%22100%22%7D%2C%7B%22label%22%3A%22Int%C3%A9grit%C3%A9%22%2C%22value%22%3A%22100%22%7D%2C%7B%22label%22%3A%22Courage%22%2C%22value%22%3A%22100%22%7D%2C%7B%22label%22%3A%22Pers%C3%A9v%C3%A9rance%22%2C%22value%22%3A%22100%22%7D%2C%7B%22label%22%3A%22D%C3%A9termination%22%2C%22value%22%3A%22100%22%7D%2C%7B%22label%22%3A%22Respect%22%2C%22value%22%3A%22100%22%7D%2C%7B%22label%22%3A%22Discipline%22%2C%22value%22%3A%22100%22%7D%5D\u00a0\u00bb options=\u00a0\u00bbstriped,animated\u00a0\u00bb caption_pos=\u00a0\u00bbtop\u00a0\u00bb][\/vc_column][\/vc_row][vc_row type=\u00a0\u00bbvc_default\u00a0\u00bb full_width=\u00a0\u00bbstretch_row\u00a0\u00bb equal_height=\u00a0\u00bbyes\u00a0\u00bb content_placement=\u00a0\u00bbmiddle\u00a0\u00bb bg_type=\u00a0\u00bbbg_color\u00a0\u00bb css=\u00a0\u00bb.vc_custom_1532718172995{margin-bottom: 50px !important;padding-top: 30px !important;padding-bottom: 30px !important;}\u00a0\u00bb bg_color_value=\u00a0\u00bb#f5f5f5&Prime;][vc_column css=\u00a0\u00bb.vc_custom_1498755622313{padding-bottom: 50px !important;}\u00a0\u00bb offset=\u00a0\u00bbvc_col-lg-8 vc_col-md-7&Prime;]<div id=\"ultimate-heading-820869d2db7620a9a\" class=\"uvc-heading ult-adjust-bottom-margin ultimate-heading-820869d2db7620a9a uvc-3891 \" data-hspacer=\"no_spacer\"  data-halign=\"left\" style=\"text-align:left\"><div class=\"uvc-heading-spacer no_spacer\" style=\"top\"><\/div><div class=\"uvc-main-heading ult-responsive\"  data-ultimate-target='.uvc-heading.ultimate-heading-820869d2db7620a9a h3'  data-responsive-json-new='{\"font-size\":\"desktop:30px;\",\"line-height\":\"desktop:36px;\"}' ><h3 style=\"font-weight:bold;margin-bottom:30px;\">Un mot des propri\u00e9taires de l'entreprise<\/h3><\/div><div class=\"uvc-sub-heading ult-responsive\"  data-ultimate-target='.uvc-heading.ultimate-heading-820869d2db7620a9a .uvc-sub-heading '  data-responsive-json-new='{\"font-size\":\"desktop:16px;mobile_landscape:15px;\",\"line-height\":\"desktop:24px;mobile_landscape:22px;\"}'  style=\"font-style:italic;font-weight:normal;margin-bottom:30px;\">\u201cNous vous souhaitons la bienvenue dans une communaut\u00e9 o\u00f9 vous pousserez vos limites et d\u00e9passerez vos attentes. Nous sommes heureux de partager avec vous notre passion pour les arts martiaux et les nombreux bienfaits que procurent l\u2019entra\u00eenement!\u201d<\/div><\/div><div id=\"ultimate-heading-774969d2db7620b00\" class=\"uvc-heading ult-adjust-bottom-margin ultimate-heading-774969d2db7620b00 uvc-389 color-title\" data-hspacer=\"no_spacer\"  data-halign=\"left\" style=\"text-align:left\"><div class=\"uvc-heading-spacer no_spacer\" style=\"top\"><\/div><div class=\"uvc-main-heading ult-responsive\"  data-ultimate-target='.uvc-heading.ultimate-heading-774969d2db7620b00 h6'  data-responsive-json-new='{\"font-size\":\"desktop:18px;\",\"line-height\":\"desktop:24px;\"}' ><h6 style=\"font-weight:bold;margin-bottom:10px;\">Sylvain Aub\u00e9 et Adamira Tijerino-Aub\u00e9<\/h6><\/div><div class=\"uvc-sub-heading ult-responsive\"  data-ultimate-target='.uvc-heading.ultimate-heading-774969d2db7620b00 .uvc-sub-heading '  data-responsive-json-new='{\"font-size\":\"desktop:15px;\",\"line-height\":\"desktop:18px;\"}'  style=\"font-family:&#039;Open Sans Condensed&#039;;font-weight:700;color:#898989;\">Instructeurs en chef \/ Fondateurs Propri\u00e9taires<\/div><\/div>[\/vc_column][vc_column width=\u00a0\u00bb1\/2&Prime; offset=\u00a0\u00bbvc_col-lg-offset-0 vc_col-lg-4 vc_col-md-offset-0 vc_col-md-5 vc_col-sm-offset-3 vc_col-xs-offset-2 vc_col-xs-8&Prime;]<style type=\"text\/css\" data-type=\"the7_shortcodes-inline-css\">.shortcode-single-image-wrap.shortcode-single-image-305436086be12350bf9d0a55161547b0.enable-bg-rollover .rollover i,\n.shortcode-single-image-wrap.shortcode-single-image-305436086be12350bf9d0a55161547b0.enable-bg-rollover .rollover-video i {\n  background: -webkit-linear-gradient();\n  background: linear-gradient();\n}\n.shortcode-single-image-wrap.shortcode-single-image-305436086be12350bf9d0a55161547b0 .rollover-icon {\n  font-size: 32px;\n  color: #ffffff;\n  min-width: 44px;\n  min-height: 44px;\n  line-height: 44px;\n  border-radius: 100px;\n  border-style: solid;\n  border-width: 0px;\n}\n.dt-icon-bg-on.shortcode-single-image-wrap.shortcode-single-image-305436086be12350bf9d0a55161547b0 .rollover-icon {\n  background: rgba(255,255,255,0.3);\n  box-shadow: none;\n}<\/style><div class=\"shortcode-single-image-wrap shortcode-single-image-305436086be12350bf9d0a55161547b0 alignnone zoomIn animate-element  enable-bg-rollover dt-icon-bg-off\" style=\"margin-top:0px; margin-bottom:0px; margin-left:0px; margin-right:0px; width:300px;\"><div class=\"shortcode-single-image\"><div class=\"fancy-media-wrap  layzr-bg\" style=\"border-radius:500px;\"><img fetchpriority=\"high\" decoding=\"async\" class=\"preload-me lazy-load aspect\" src=\"data:image\/svg+xml,%3Csvg%20xmlns%3D&#39;http%3A%2F%2Fwww.w3.org%2F2000%2Fsvg&#39;%20viewBox%3D&#39;0%200%20300%20300&#39;%2F%3E\" data-src=\"https:\/\/ktk.ca\/wp-content\/uploads\/2018\/06\/KTK-Arts-Martiaux-Adamira-Sylvain_BUZ9643-2-300x300.jpg\" data-srcset=\"https:\/\/ktk.ca\/wp-content\/uploads\/2018\/06\/KTK-Arts-Martiaux-Adamira-Sylvain_BUZ9643-2-300x300.jpg 300w, https:\/\/ktk.ca\/wp-content\/uploads\/2018\/06\/KTK-Arts-Martiaux-Adamira-Sylvain_BUZ9643-2-600x600.jpg 600w\" loading=\"eager\" sizes=\"(max-width: 300px) 100vw, 300px\" width=\"300\" height=\"300\"  data-dt-location=\"https:\/\/ktk.ca\/fr\/ktk-arts-martiaux-adamira-sylvain_buz9643-2\/\" style=\"--ratio: 300 \/ 300;border-radius:500px;\" alt=\"\" \/><\/div><\/div><\/div>[\/vc_column][\/vc_row][vc_row][vc_column width=\u00a0\u00bb2\/3&Prime;]<div id=\"ultimate-heading-319569d2db76219e0\" class=\"uvc-heading ult-adjust-bottom-margin ultimate-heading-319569d2db76219e0 uvc-5944 \" data-hspacer=\"no_spacer\"  data-halign=\"left\" style=\"text-align:left\"><div class=\"uvc-heading-spacer no_spacer\" style=\"top\"><\/div><div class=\"uvc-main-heading ult-responsive\"  data-ultimate-target='.uvc-heading.ultimate-heading-319569d2db76219e0 h2'  data-responsive-json-new='{\"font-size\":\"desktop:26px;\",\"line-height\":\"desktop:32px;\"}' ><h2 style=\"font-weight:bold;margin-bottom:25px;\">Pourquoi nous choisir<\/h2><\/div><\/div>[vc_column_text]Afin de r\u00e9aliser nos standards \u00e9lev\u00e9s d&rsquo;enseignement et de service, nous avons d\u00e9velopp\u00e9 et mis en place des strat\u00e9gies concr\u00e8tes:[\/vc_column_text]<div class=\"ult-spacer spacer-69d2db7621a3d\" data-id=\"69d2db7621a3d\" data-height=\"10\" data-height-mobile=\"10\" data-height-tab=\"10\" data-height-tab-portrait=\"\" data-height-mobile-landscape=\"\" style=\"clear:both;display:block;\"><\/div><div class=\"aio-icon-component  vc_custom_1622491711349  accent-icon-bg style_1\"><div id=\"Info-box-wrap-8811\" class=\"aio-icon-box left-icon\" style=\"\"  ><div class=\"aio-icon-left\"><div class=\"ult-just-icon-wrapper  \"><div class=\"align-icon\" style=\"text-align:center;\">\n<div class=\"aio-icon advanced \"  style=\"color:#ffffff;border-style:;border-color:#333333;border-width:1px;width:34px;height:34px;line-height:34px;border-radius:500px;font-size:16px;display:inline-block;\">\n\t<i class=\"Defaults-graduation-cap mortar-board\"><\/i>\n<\/div><\/div><\/div><\/div><div class=\"aio-ibd-block\"><div class=\"aio-icon-header\" ><h3 class=\"aio-icon-title ult-responsive\"  data-ultimate-target='#Info-box-wrap-8811 .aio-icon-title'  data-responsive-json-new='{\"font-size\":\"desktop:20px;\",\"line-height\":\"desktop:26px;\"}'  style=\"\">L\u2019apprentissage continu pour les \u00e9tudiants et les instructeurs<\/h3><\/div> <!-- header --><div class=\"aio-icon-description ult-responsive\"  data-ultimate-target='#Info-box-wrap-8811 .aio-icon-description'  data-responsive-json-new='{\"font-size\":\"\",\"line-height\":\"\"}'  style=\"\"><\/p>\n<p style=\"text-align: justify;\">Nous tentons de maintenir les niveaux d\u2019enseignement les plus \u00e9lev\u00e9s. \u00c0 ce titre, notre \u00e9quipe d\u2019instructeurs compte des ann\u00e9es de formation et apprennent des meilleurs instructeurs au Canada et \u00e0 l\u2019\u00e9tranger. KTK organise r\u00e9guli\u00e8rement des s\u00e9minaires de formation et d\u2019entra\u00eenements avec des instructeurs de calibre international.<\/p>\n<p><\/div> <!-- description --><\/div> <!-- aio-ibd-block --><\/div> <!-- aio-icon-box --><\/div> <!-- aio-icon-component --><div class=\"aio-icon-component  vc_custom_1664827649716  accent-icon-bg style_1\"><div id=\"Info-box-wrap-2659\" class=\"aio-icon-box left-icon\" style=\"\"  ><div class=\"aio-icon-left\"><div class=\"ult-just-icon-wrapper  \"><div class=\"align-icon\" style=\"text-align:center;\">\n<div class=\"aio-icon advanced \"  style=\"color:#ffffff;border-style:;border-color:#333333;border-width:1px;width:34px;height:34px;line-height:34px;border-radius:500px;font-size:16px;display:inline-block;\">\n\t<i class=\"Defaults-certificate\"><\/i>\n<\/div><\/div><\/div><\/div><div class=\"aio-ibd-block\"><div class=\"aio-icon-header\" ><h3 class=\"aio-icon-title ult-responsive\"  data-ultimate-target='#Info-box-wrap-2659 .aio-icon-title'  data-responsive-json-new='{\"font-size\":\"desktop:20px;\",\"line-height\":\"desktop:26px;\"}'  style=\"\">Nos instructeurs de Cross-Training sont certifi\u00e9s<\/h3><\/div> <!-- header --><div class=\"aio-icon-description ult-responsive\"  data-ultimate-target='#Info-box-wrap-2659 .aio-icon-description'  data-responsive-json-new='{\"font-size\":\"\",\"line-height\":\"\"}'  style=\"\"><\/p>\n<p style=\"text-align: justify;\">Nous sommes \u00e9galement fiers de vous informer que nos instructeurs de Cross-Training sont certifi\u00e9s au niveau national et international, premi\u00e8rement avec Dragon Door, un programme de kettlebell internationalement reconnu, et plus r\u00e9cemment avec Agatsu.<\/p>\n<p><\/div> <!-- description --><\/div> <!-- aio-ibd-block --><\/div> <!-- aio-icon-box --><\/div> <!-- aio-icon-component --><div class=\"aio-icon-component  vc_custom_1533692143720  accent-icon-bg style_1\"><div id=\"Info-box-wrap-7911\" class=\"aio-icon-box left-icon\" style=\"\"  ><div class=\"aio-icon-left\"><div class=\"ult-just-icon-wrapper  \"><div class=\"align-icon\" style=\"text-align:center;\">\n<div class=\"aio-icon advanced \"  style=\"color:#ffffff;border-style:;border-color:#333333;border-width:1px;width:34px;height:34px;line-height:34px;border-radius:500px;font-size:16px;display:inline-block;\">\n\t<i class=\"Defaults-group users\"><\/i>\n<\/div><\/div><\/div><\/div><div class=\"aio-ibd-block\"><div class=\"aio-icon-header\" ><h3 class=\"aio-icon-title ult-responsive\"  data-ultimate-target='#Info-box-wrap-7911 .aio-icon-title'  data-responsive-json-new='{\"font-size\":\"desktop:20px;\",\"line-height\":\"desktop:26px;\"}'  style=\"\">Environnement familial<\/h3><\/div> <!-- header --><div class=\"aio-icon-description ult-responsive\"  data-ultimate-target='#Info-box-wrap-7911 .aio-icon-description'  data-responsive-json-new='{\"font-size\":\"\",\"line-height\":\"\"}'  style=\"\"><\/p>\n<p style=\"text-align: justify;\">La politesse, l&rsquo;attention et le sourire sont nos priorit\u00e9s pour accueillir nos \u00e9tudiants, ce qui procure, d\u2019abord, un climat d\u2019appartenance. De plus, un code vestimentaire a \u00e9t\u00e9 \u00e9tabli afin de fournir un environnement d&rsquo;entra\u00eenement s\u00e9curitaire et confortable pour tous. Des v\u00eatements appropri\u00e9s et modestes sont n\u00e9cessaires au bien-\u00eatre de nos \u00e9l\u00e8ves, et cela s&rsquo;applique aux \u00e9tudiants et \u00e0 toutes les personnes qui visitent le dojo. Par cons\u00e9quent, cette exigence est appliqu\u00e9e rigoureusement pour aider \u00e0 maintenir un environnement familial sain.<\/p>\n<p><\/div> <!-- description --><\/div> <!-- aio-ibd-block --><\/div> <!-- aio-icon-box --><\/div> <!-- aio-icon-component --><div class=\"aio-icon-component  vc_custom_1534170488711  accent-icon-bg style_1\"><div id=\"Info-box-wrap-6833\" class=\"aio-icon-box left-icon\" style=\"\"  ><div class=\"aio-icon-left\"><div class=\"ult-just-icon-wrapper  \"><div class=\"align-icon\" style=\"text-align:center;\">\n<div class=\"aio-icon advanced \"  style=\"color:#ffffff;border-style:;border-color:#333333;border-width:1px;width:34px;height:34px;line-height:34px;border-radius:500px;font-size:16px;display:inline-block;\">\n\t<i class=\"icomoon-icomoonfree-16x16-heart\"><\/i>\n<\/div><\/div><\/div><\/div><div class=\"aio-ibd-block\"><div class=\"aio-icon-header\" ><h3 class=\"aio-icon-title ult-responsive\"  data-ultimate-target='#Info-box-wrap-6833 .aio-icon-title'  data-responsive-json-new='{\"font-size\":\"desktop:20px;\",\"line-height\":\"desktop:26px;\"}'  style=\"\">Leadership<\/h3><\/div> <!-- header --><div class=\"aio-icon-description ult-responsive\"  data-ultimate-target='#Info-box-wrap-6833 .aio-icon-description'  data-responsive-json-new='{\"font-size\":\"\",\"line-height\":\"\"}'  style=\"\"><\/p>\n<p style=\"text-align: justify;\">\u00c0 KTK, nous pr\u00eachons par l&rsquo;exemple. Nous maintenons un environnement serein et une attitude positive envers nos \u00e9tudiants ainsi qu\u2019entre eux. Au fil du temps, les \u00e9tudiants ont la possibilit\u00e9 de devenir instructeurs, ce qui est une opportunit\u00e9 tr\u00e8s enrichissante pour ceux et celles qui aiment enseigner et partager leur passion.<\/p>\n<p><\/div> <!-- description --><\/div> <!-- aio-ibd-block --><\/div> <!-- aio-icon-box --><\/div> <!-- aio-icon-component -->[\/vc_column][vc_column width=\u00a0\u00bb1\/3&Prime; css=\u00a0\u00bb.vc_custom_1532717947273{margin-top: 30px !important;}\u00a0\u00bb][vc_media_grid gap=\u00a0\u00bb1&Prime; item=\u00a0\u00bbmediaGrid_ScaleInWithIcon\u00a0\u00bb grid_id=\u00a0\u00bbvc_gid:1664827562688-6794f9d8-fca7-5&Prime; include=\u00a0\u00bb3775,3780,3798,3781,3778,3751,3797,3764,3790,3793,3792,3791,3783,3785,3772,3762,3756,3747,3746,3763,3794&Prime;][\/vc_column][\/vc_row][vc_row][vc_column]<div class=\"ult-spacer spacer-69d2db7621d12\" data-id=\"69d2db7621d12\" data-height=\"40\" data-height-mobile=\"40\" data-height-tab=\"40\" data-height-tab-portrait=\"\" data-height-mobile-landscape=\"\" style=\"clear:both;display:block;\"><\/div>[\/vc_column][\/vc_row]<\/p>\n<\/div>","protected":false},"excerpt":{"rendered":"<p>[vc_row margin_top=\u00a0\u00bb50px\u00a0\u00bb margin_bottom=\u00a0\u00bb75px\u00a0\u00bb][vc_column width=\u00a0\u00bb2\/3&Prime;][vc_column_text] Depuis 1993, KTK ARTS MARTIAUX fait parti de la communaut\u00e9 de Gatineau. Gr\u00e2ce \u00e0 ses programmes structur\u00e9s et bien \u00e9tablis de karat\u00e9, les \u00e9l\u00e8ves profitent d&rsquo;un&hellip;<\/p>\n","protected":false},"author":1,"featured_media":4556,"parent":0,"menu_order":101,"comment_status":"closed","ping_status":"closed","template":"","meta":{"footnotes":""},"class_list":["post-4183","page","type-page","status-publish","has-post-thumbnail","hentry","description-off"],"_links":{"self":[{"href":"https:\/\/ktk.ca\/fr\/wp-json\/wp\/v2\/pages\/4183","targetHints":{"allow":["GET"]}}],"collection":[{"href":"https:\/\/ktk.ca\/fr\/wp-json\/wp\/v2\/pages"}],"about":[{"href":"https:\/\/ktk.ca\/fr\/wp-json\/wp\/v2\/types\/page"}],"author":[{"embeddable":true,"href":"https:\/\/ktk.ca\/fr\/wp-json\/wp\/v2\/users\/1"}],"replies":[{"embeddable":true,"href":"https:\/\/ktk.ca\/fr\/wp-json\/wp\/v2\/comments?post=4183"}],"version-history":[{"count":7,"href":"https:\/\/ktk.ca\/fr\/wp-json\/wp\/v2\/pages\/4183\/revisions"}],"predecessor-version":[{"id":5467,"href":"https:\/\/ktk.ca\/fr\/wp-json\/wp\/v2\/pages\/4183\/revisions\/5467"}],"wp:featuredmedia":[{"embeddable":true,"href":"https:\/\/ktk.ca\/fr\/wp-json\/wp\/v2\/media\/4556"}],"wp:attachment":[{"href":"https:\/\/ktk.ca\/fr\/wp-json\/wp\/v2\/media?parent=4183"}],"curies":[{"name":"wp","href":"https:\/\/api.w.org\/{rel}","templated":true}]}}